{"id":2109,"date":"2021-06-28T06:39:45","date_gmt":"2021-06-28T09:39:45","guid":{"rendered":"https:\/\/digital.campus-party.org\/argentina\/?page_id=2109"},"modified":"2021-07-13T14:17:13","modified_gmt":"2021-07-13T17:17:13","slug":"innovation-islands","status":"publish","type":"page","link":"https:\/\/staging-digital.campus-party.org\/argentina\/innovation-islands\/","title":{"rendered":"Innovation Islands"},"content":{"rendered":"\t\t<div data-elementor-type=\"wp-page\" data-elementor-id=\"2109\" data-post-id=\"2109\" data-obj-id=\"2109\" class=\"elementor elementor-2109 dce-elementor-post-2109\" data-elementor-settings=\"[]\">\n\t\t\t\t\t\t<div class=\"elementor-inner\">\n\t\t\t\t\t\t\t<div class=\"elementor-section-wrap\">\n\t\t\t\t\t\t\t<section data-dce-background-color=\"#E10098\" class=\"elementor-section elementor-top-section elementor-element elementor-element-59441eaa elementor-section-boxed elementor-section-height-default elementor-section-height-default\" data-id=\"59441eaa\" data-element_type=\"section\" data-settings=\"{&quot;background_background&quot;:&quot;gradient&quot;}\">\n\t\t\t\t\t\t<div class=\"elementor-container elementor-column-gap-default\">\n\t\t\t\t\t\t\t<div class=\"elementor-row\">\n\t\t\t\t\t<div class=\"elementor-column elementor-col-100 elementor-top-column elementor-element elementor-element-3905009c\" data-id=\"3905009c\" data-element_type=\"column\">\n\t\t\t<div class=\"elementor-column-wrap elementor-element-populated\">\n\t\t\t\t\t\t\t<div class=\"elementor-widget-wrap\">\n\t\t\t\t\t\t<div class=\"elementor-element elementor-element-4e8b5589 elementor-widget elementor-widget-heading\" data-id=\"4e8b5589\" data-element_type=\"widget\" data-widget_type=\"heading.default\">\n\t\t\t\t<div class=\"elementor-widget-container\">\n\t\t\t<h2 class=\"elementor-heading-title elementor-size-default\">INNOVATION ISLANDS<\/h2>\t\t<\/div>\n\t\t\t\t<\/div>\n\t\t\t\t\t\t<\/div>\n\t\t\t\t\t<\/div>\n\t\t<\/div>\n\t\t\t\t\t\t\t\t<\/div>\n\t\t\t\t\t<\/div>\n\t\t<\/section>\n\t\t\t\t<section class=\"elementor-section elementor-top-section elementor-element elementor-element-1d1ebd58 elementor-section-boxed elementor-section-height-default elementor-section-height-default\" data-id=\"1d1ebd58\" data-element_type=\"section\">\n\t\t\t\t\t\t<div class=\"elementor-container elementor-column-gap-default\">\n\t\t\t\t\t\t\t<div class=\"elementor-row\">\n\t\t\t\t\t<div class=\"elementor-column elementor-col-100 elementor-top-column elementor-element elementor-element-51e40ebd\" data-id=\"51e40ebd\" data-element_type=\"column\">\n\t\t\t<div class=\"elementor-column-wrap elementor-element-populated\">\n\t\t\t\t\t\t\t<div class=\"elementor-widget-wrap\">\n\t\t\t\t\t\t<div class=\"elementor-element elementor-element-9ae25b4 elementor-widget elementor-widget-heading\" data-id=\"9ae25b4\" data-element_type=\"widget\" data-widget_type=\"heading.default\">\n\t\t\t\t<div class=\"elementor-widget-container\">\n\t\t\t<h2 class=\"elementor-heading-title elementor-size-default\">< SOMETHING \/><\/h2>\t\t<\/div>\n\t\t\t\t<\/div>\n\t\t\t\t<div class=\"elementor-element elementor-element-293b278e elementor-widget elementor-widget-heading\" data-id=\"293b278e\" data-element_type=\"widget\" data-widget_type=\"heading.default\">\n\t\t\t\t<div class=\"elementor-widget-container\">\n\t\t\t<h2 class=\"elementor-heading-title elementor-size-default\">OUR<br>\nINNOVATORS<\/h2>\t\t<\/div>\n\t\t\t\t<\/div>\n\t\t\t\t<div class=\"elementor-element elementor-element-11638f09 animated none elementor-widget elementor-widget-dce-views\" data-id=\"11638f09\" data-element_type=\"widget\" data-settings=\"{&quot;spaceBetween&quot;:0}\" data-widget_type=\"dce-views.default\">\n\t\t\t\t<div class=\"elementor-widget-container\">\n\t\t\t<div class=\"dce-view-results-wrapper\"><div class=\"dce-view-results\"><div class=\"dce-view-row elementor-row dce-view-grid  dce-flex dce-view-archive\"><div class=\"item-page dce-view-col dce-view-single-wrapper dce-view-grid-element animated-none  dce-view-element dce-view-element-2244 elementor-column elementor-col-33\"><div class=\"elementor-column-wrap elementor-element-populated dce-view-single\"><div class=\"elementor-widget-wrap dce-block\">\t\t<div data-elementor-type=\"single-post\" data-elementor-id=\"2006\" data-post-id=\"2244\" data-obj-id=\"2244\" class=\"elementor elementor-2006 dce-elementor-post-2244 dce-elementor-post-2244\" data-elementor-settings=\"[]\">\n\t\t<div class=\"elementor-section-wrap\">\n\t\t\t\t\t<div class=\"elementor-section elementor-top-section elementor-element elementor-element-6b92871 elementor-section-full_width elementor-section-height-min-height elementor-section-items-top elementor-section-content-middle elementor-section-height-default\" data-id=\"6b92871\" data-element_type=\"section\">\n\t\t\t\t\t\t<div class=\"elementor-container elementor-column-gap-no\">\n\t\t\t\t\t\t\t<div class=\"elementor-row\">\n\t\t\t\t\t<div class=\"elementor-column elementor-col-100 elementor-top-column elementor-element elementor-element-2856a5aa\" data-id=\"2856a5aa\" data-element_type=\"column\">\n\t\t\t<div class=\"elementor-column-wrap elementor-element-populated\">\n\t\t\t\t\t\t\t<div class=\"elementor-widget-wrap\">\n\t\t\t\t\t\t<section class=\"elementor-section elementor-inner-section elementor-element elementor-element-43720c43 elementor-section-full_width elementor-section-height-default elementor-section-height-default\" data-id=\"43720c43\" data-element_type=\"section\">\n\t\t\t\t\t\t<div class=\"elementor-container elementor-column-gap-default\">\n\t\t\t\t\t\t\t<div class=\"elementor-row\">\n\t\t\t\t\t<div class=\"elementor-column elementor-col-100 elementor-inner-column elementor-element elementor-element-5a2c7ca9\" data-id=\"5a2c7ca9\" data-element_type=\"column\">\n\t\t\t<div class=\"elementor-column-wrap elementor-element-populated\">\n\t\t\t\t\t\t\t<div class=\"elementor-widget-wrap\">\n\t\t\t\t\t\t<div class=\"elementor-element elementor-element-35d331e3 dce_masking-none elementor-widget elementor-widget-image\" data-id=\"35d331e3\" data-element_type=\"widget\" data-widget_type=\"image.default\">\n\t\t\t\t<div class=\"elementor-widget-container\">\n\t\t\t\t\t\t\t\t<div class=\"elementor-image\">\n\t\t\t\t\t\t\t\t\t\t\t\t\t<a href=\"https:\/\/staging-digital.campus-party.org\/argentina\/partner\/bunker-db\/\">\n\t\t\t\t\t\t\t<img width=\"1625\" height=\"469\" src=\"https:\/\/staging-digital.campus-party.org\/argentina\/wp-content\/uploads\/sites\/14\/2021\/07\/LOGO-BUNKER-SVG-01.png\" class=\"attachment-full size-full\" alt=\"\" loading=\"lazy\" srcset=\"https:\/\/staging-digital.campus-party.org\/argentina\/wp-content\/uploads\/sites\/14\/2021\/07\/LOGO-BUNKER-SVG-01.png 1625w, https:\/\/staging-digital.campus-party.org\/argentina\/wp-content\/uploads\/sites\/14\/2021\/07\/LOGO-BUNKER-SVG-01-300x87.png 300w, https:\/\/staging-digital.campus-party.org\/argentina\/wp-content\/uploads\/sites\/14\/2021\/07\/LOGO-BUNKER-SVG-01-1024x296.png 1024w, https:\/\/staging-digital.campus-party.org\/argentina\/wp-content\/uploads\/sites\/14\/2021\/07\/LOGO-BUNKER-SVG-01-768x222.png 768w, https:\/\/staging-digital.campus-party.org\/argentina\/wp-content\/uploads\/sites\/14\/2021\/07\/LOGO-BUNKER-SVG-01-1536x443.png 1536w\" sizes=\"(max-width: 1625px) 100vw, 1625px\" \/>\t\t\t\t\t\t\t\t<\/a>\n\t\t\t\t\t\t\t\t\t\t\t\t\t\t<\/div>\n\t\t\t\t\t\t<\/div>\n\t\t\t\t<\/div>\n\t\t\t\t\t\t<\/div>\n\t\t\t\t\t<\/div>\n\t\t<\/div>\n\t\t\t\t\t\t\t\t<\/div>\n\t\t\t\t\t<\/div>\n\t\t<\/section>\n\t\t\t\t<div class=\"elementor-element elementor-element-8f692af elementor-widget elementor-widget-heading\" data-id=\"8f692af\" data-element_type=\"widget\" data-widget_type=\"heading.default\">\n\t\t\t\t<div class=\"elementor-widget-container\">\n\t\t\t<p class=\"elementor-heading-title elementor-size-default\"><a href=\"https:\/\/staging-digital.campus-party.org\/argentina\/partner\/bunker-db\/\">Somos una empresa de tecnolog\u00eda especializada en ayudar a las marcas a ser m\u00e1s eficientes. Desarrollamos uno de los softwares m\u00e1s amigables, intuitivos y fa\u0301ciles de usar dentro de la industria de marketing. <\/a><\/p>\t\t<\/div>\n\t\t\t\t<\/div>\n\t\t\t\t\t\t<\/div>\n\t\t\t\t\t<\/div>\n\t\t<\/div>\n\t\t\t\t\t\t\t\t<\/div>\n\t\t\t\t\t<\/div>\n\t\t<\/div>\n\t\t\t\t<\/div>\n\t\t<\/div>\n\t\t<\/div><\/div><\/div><div class=\"item-page dce-view-col dce-view-single-wrapper dce-view-grid-element animated-none  dce-view-element dce-view-element-2240 elementor-column elementor-col-33\"><div class=\"elementor-column-wrap elementor-element-populated dce-view-single\"><div class=\"elementor-widget-wrap dce-block\">\t\t<div data-elementor-type=\"single-post\" data-elementor-id=\"2006\" data-post-id=\"2240\" data-obj-id=\"2240\" class=\"elementor elementor-2006 dce-elementor-post-2240 dce-elementor-post-2240\" data-elementor-settings=\"[]\">\n\t\t<div class=\"elementor-section-wrap\">\n\t\t\t\t\t<div class=\"elementor-section elementor-top-section elementor-element elementor-element-6b92871 elementor-section-full_width elementor-section-height-min-height elementor-section-items-top elementor-section-content-middle elementor-section-height-default\" data-id=\"6b92871\" data-element_type=\"section\">\n\t\t\t\t\t\t<div class=\"elementor-container elementor-column-gap-no\">\n\t\t\t\t\t\t\t<div class=\"elementor-row\">\n\t\t\t\t\t<div class=\"elementor-column elementor-col-100 elementor-top-column elementor-element elementor-element-2856a5aa\" data-id=\"2856a5aa\" data-element_type=\"column\">\n\t\t\t<div class=\"elementor-column-wrap elementor-element-populated\">\n\t\t\t\t\t\t\t<div class=\"elementor-widget-wrap\">\n\t\t\t\t\t\t<section class=\"elementor-section elementor-inner-section elementor-element elementor-element-43720c43 elementor-section-full_width elementor-section-height-default elementor-section-height-default\" data-id=\"43720c43\" data-element_type=\"section\">\n\t\t\t\t\t\t<div class=\"elementor-container elementor-column-gap-default\">\n\t\t\t\t\t\t\t<div class=\"elementor-row\">\n\t\t\t\t\t<div class=\"elementor-column elementor-col-100 elementor-inner-column elementor-element elementor-element-5a2c7ca9\" data-id=\"5a2c7ca9\" data-element_type=\"column\">\n\t\t\t<div class=\"elementor-column-wrap elementor-element-populated\">\n\t\t\t\t\t\t\t<div class=\"elementor-widget-wrap\">\n\t\t\t\t\t\t<div class=\"elementor-element elementor-element-35d331e3 dce_masking-none elementor-widget elementor-widget-image\" data-id=\"35d331e3\" data-element_type=\"widget\" data-widget_type=\"image.default\">\n\t\t\t\t<div class=\"elementor-widget-container\">\n\t\t\t\t\t\t\t\t<div class=\"elementor-image\">\n\t\t\t\t\t\t\t\t\t\t\t\t\t<a href=\"https:\/\/staging-digital.campus-party.org\/argentina\/partner\/pedidos-ya\/\">\n\t\t\t\t\t\t\t<img width=\"987\" height=\"669\" src=\"https:\/\/staging-digital.campus-party.org\/argentina\/wp-content\/uploads\/sites\/14\/2021\/07\/Logotipo-positivo-vertical.png\" class=\"attachment-full size-full\" alt=\"\" loading=\"lazy\" srcset=\"https:\/\/staging-digital.campus-party.org\/argentina\/wp-content\/uploads\/sites\/14\/2021\/07\/Logotipo-positivo-vertical.png 987w, https:\/\/staging-digital.campus-party.org\/argentina\/wp-content\/uploads\/sites\/14\/2021\/07\/Logotipo-positivo-vertical-300x203.png 300w, https:\/\/staging-digital.campus-party.org\/argentina\/wp-content\/uploads\/sites\/14\/2021\/07\/Logotipo-positivo-vertical-768x521.png 768w\" sizes=\"(max-width: 987px) 100vw, 987px\" \/>\t\t\t\t\t\t\t\t<\/a>\n\t\t\t\t\t\t\t\t\t\t\t\t\t\t<\/div>\n\t\t\t\t\t\t<\/div>\n\t\t\t\t<\/div>\n\t\t\t\t\t\t<\/div>\n\t\t\t\t\t<\/div>\n\t\t<\/div>\n\t\t\t\t\t\t\t\t<\/div>\n\t\t\t\t\t<\/div>\n\t\t<\/section>\n\t\t\t\t<div class=\"elementor-element elementor-element-8f692af elementor-widget elementor-widget-heading\" data-id=\"8f692af\" data-element_type=\"widget\" data-widget_type=\"heading.default\">\n\t\t\t\t<div class=\"elementor-widget-container\">\n\t\t\t<p class=\"elementor-heading-title elementor-size-default\"><a href=\"https:\/\/staging-digital.campus-party.org\/argentina\/partner\/pedidos-ya\/\">Somos la empresa de tecnolog\u00eda l\u00edder en Q-Commerce y delivery en toda Latinoam\u00e9rica. \r\n\r\n<\/a><\/p>\t\t<\/div>\n\t\t\t\t<\/div>\n\t\t\t\t\t\t<\/div>\n\t\t\t\t\t<\/div>\n\t\t<\/div>\n\t\t\t\t\t\t\t\t<\/div>\n\t\t\t\t\t<\/div>\n\t\t<\/div>\n\t\t\t\t<\/div>\n\t\t<\/div>\n\t\t<\/div><\/div><\/div><div class=\"item-page dce-view-col dce-view-single-wrapper dce-view-grid-element animated-none  dce-view-element dce-view-element-2239 elementor-column elementor-col-33\"><div class=\"elementor-column-wrap elementor-element-populated dce-view-single\"><div class=\"elementor-widget-wrap dce-block\">\t\t<div data-elementor-type=\"single-post\" data-elementor-id=\"2006\" data-post-id=\"2239\" data-obj-id=\"2239\" class=\"elementor elementor-2006 dce-elementor-post-2239 dce-elementor-post-2239\" data-elementor-settings=\"[]\">\n\t\t<div class=\"elementor-section-wrap\">\n\t\t\t\t\t<div class=\"elementor-section elementor-top-section elementor-element elementor-element-6b92871 elementor-section-full_width elementor-section-height-min-height elementor-section-items-top elementor-section-content-middle elementor-section-height-default\" data-id=\"6b92871\" data-element_type=\"section\">\n\t\t\t\t\t\t<div class=\"elementor-container elementor-column-gap-no\">\n\t\t\t\t\t\t\t<div class=\"elementor-row\">\n\t\t\t\t\t<div class=\"elementor-column elementor-col-100 elementor-top-column elementor-element elementor-element-2856a5aa\" data-id=\"2856a5aa\" data-element_type=\"column\">\n\t\t\t<div class=\"elementor-column-wrap elementor-element-populated\">\n\t\t\t\t\t\t\t<div class=\"elementor-widget-wrap\">\n\t\t\t\t\t\t<section class=\"elementor-section elementor-inner-section elementor-element elementor-element-43720c43 elementor-section-full_width elementor-section-height-default elementor-section-height-default\" data-id=\"43720c43\" data-element_type=\"section\">\n\t\t\t\t\t\t<div class=\"elementor-container elementor-column-gap-default\">\n\t\t\t\t\t\t\t<div class=\"elementor-row\">\n\t\t\t\t\t<div class=\"elementor-column elementor-col-100 elementor-inner-column elementor-element elementor-element-5a2c7ca9\" data-id=\"5a2c7ca9\" data-element_type=\"column\">\n\t\t\t<div class=\"elementor-column-wrap elementor-element-populated\">\n\t\t\t\t\t\t\t<div class=\"elementor-widget-wrap\">\n\t\t\t\t\t\t<div class=\"elementor-element elementor-element-35d331e3 dce_masking-none elementor-widget elementor-widget-image\" data-id=\"35d331e3\" data-element_type=\"widget\" data-widget_type=\"image.default\">\n\t\t\t\t<div class=\"elementor-widget-container\">\n\t\t\t\t\t\t\t\t<div class=\"elementor-image\">\n\t\t\t\t\t\t\t\t\t\t\t\t\t<a href=\"https:\/\/staging-digital.campus-party.org\/argentina\/partner\/campus-party-workshops\/\">\n\t\t\t\t\t\t\t<img width=\"1842\" height=\"1808\" src=\"https:\/\/staging-digital.campus-party.org\/argentina\/wp-content\/uploads\/sites\/14\/2021\/06\/reboottheworld21-3.png\" class=\"attachment-full size-full\" alt=\"\" loading=\"lazy\" srcset=\"https:\/\/staging-digital.campus-party.org\/argentina\/wp-content\/uploads\/sites\/14\/2021\/06\/reboottheworld21-3.png 1842w, https:\/\/staging-digital.campus-party.org\/argentina\/wp-content\/uploads\/sites\/14\/2021\/06\/reboottheworld21-3-300x294.png 300w, https:\/\/staging-digital.campus-party.org\/argentina\/wp-content\/uploads\/sites\/14\/2021\/06\/reboottheworld21-3-1024x1005.png 1024w, https:\/\/staging-digital.campus-party.org\/argentina\/wp-content\/uploads\/sites\/14\/2021\/06\/reboottheworld21-3-768x754.png 768w, https:\/\/staging-digital.campus-party.org\/argentina\/wp-content\/uploads\/sites\/14\/2021\/06\/reboottheworld21-3-1536x1508.png 1536w\" sizes=\"(max-width: 1842px) 100vw, 1842px\" \/>\t\t\t\t\t\t\t\t<\/a>\n\t\t\t\t\t\t\t\t\t\t\t\t\t\t<\/div>\n\t\t\t\t\t\t<\/div>\n\t\t\t\t<\/div>\n\t\t\t\t\t\t<\/div>\n\t\t\t\t\t<\/div>\n\t\t<\/div>\n\t\t\t\t\t\t\t\t<\/div>\n\t\t\t\t\t<\/div>\n\t\t<\/section>\n\t\t\t\t<div class=\"elementor-element elementor-element-8f692af elementor-widget elementor-widget-heading\" data-id=\"8f692af\" data-element_type=\"widget\" data-widget_type=\"heading.default\">\n\t\t\t\t<div class=\"elementor-widget-container\">\n\t\t\t<p class=\"elementor-heading-title elementor-size-default\"><a href=\"https:\/\/staging-digital.campus-party.org\/argentina\/partner\/campus-party-workshops\/\">+40 workshops gratuitos para inspirarte, aprender y emprender! Inscribite ac\u00e1!<\/a><\/p>\t\t<\/div>\n\t\t\t\t<\/div>\n\t\t\t\t\t\t<\/div>\n\t\t\t\t\t<\/div>\n\t\t<\/div>\n\t\t\t\t\t\t\t\t<\/div>\n\t\t\t\t\t<\/div>\n\t\t<\/div>\n\t\t\t\t<\/div>\n\t\t<\/div>\n\t\t<\/div><\/div><\/div><div class=\"item-page dce-view-col dce-view-single-wrapper dce-view-grid-element animated-none  dce-view-element dce-view-element-1922 elementor-column elementor-col-33\"><div class=\"elementor-column-wrap elementor-element-populated dce-view-single\"><div class=\"elementor-widget-wrap dce-block\">\t\t<div data-elementor-type=\"single-post\" data-elementor-id=\"2006\" data-post-id=\"1922\" data-obj-id=\"1922\" class=\"elementor elementor-2006 dce-elementor-post-1922 dce-elementor-post-1922\" data-elementor-settings=\"[]\">\n\t\t<div class=\"elementor-section-wrap\">\n\t\t\t\t\t<div class=\"elementor-section elementor-top-section elementor-element elementor-element-6b92871 elementor-section-full_width elementor-section-height-min-height elementor-section-items-top elementor-section-content-middle elementor-section-height-default\" data-id=\"6b92871\" data-element_type=\"section\">\n\t\t\t\t\t\t<div class=\"elementor-container elementor-column-gap-no\">\n\t\t\t\t\t\t\t<div class=\"elementor-row\">\n\t\t\t\t\t<div class=\"elementor-column elementor-col-100 elementor-top-column elementor-element elementor-element-2856a5aa\" data-id=\"2856a5aa\" data-element_type=\"column\">\n\t\t\t<div class=\"elementor-column-wrap elementor-element-populated\">\n\t\t\t\t\t\t\t<div class=\"elementor-widget-wrap\">\n\t\t\t\t\t\t<section class=\"elementor-section elementor-inner-section elementor-element elementor-element-43720c43 elementor-section-full_width elementor-section-height-default elementor-section-height-default\" data-id=\"43720c43\" data-element_type=\"section\">\n\t\t\t\t\t\t<div class=\"elementor-container elementor-column-gap-default\">\n\t\t\t\t\t\t\t<div class=\"elementor-row\">\n\t\t\t\t\t<div class=\"elementor-column elementor-col-100 elementor-inner-column elementor-element elementor-element-5a2c7ca9\" data-id=\"5a2c7ca9\" data-element_type=\"column\">\n\t\t\t<div class=\"elementor-column-wrap elementor-element-populated\">\n\t\t\t\t\t\t\t<div class=\"elementor-widget-wrap\">\n\t\t\t\t\t\t<div class=\"elementor-element elementor-element-35d331e3 dce_masking-none elementor-widget elementor-widget-image\" data-id=\"35d331e3\" data-element_type=\"widget\" data-widget_type=\"image.default\">\n\t\t\t\t<div class=\"elementor-widget-container\">\n\t\t\t\t\t\t\t\t<div class=\"elementor-image\">\n\t\t\t\t\t\t\t\t\t\t\t\t\t<a href=\"https:\/\/staging-digital.campus-party.org\/argentina\/partner\/telecom\/\">\n\t\t\t\t\t\t\t<img width=\"769\" height=\"202\" src=\"https:\/\/staging-digital.campus-party.org\/argentina\/wp-content\/uploads\/sites\/14\/2021\/06\/telecom-azul_Mesa-de-trabajo-1-1.png\" class=\"attachment-full size-full\" alt=\"\" loading=\"lazy\" srcset=\"https:\/\/staging-digital.campus-party.org\/argentina\/wp-content\/uploads\/sites\/14\/2021\/06\/telecom-azul_Mesa-de-trabajo-1-1.png 769w, https:\/\/staging-digital.campus-party.org\/argentina\/wp-content\/uploads\/sites\/14\/2021\/06\/telecom-azul_Mesa-de-trabajo-1-1-300x79.png 300w\" sizes=\"(max-width: 769px) 100vw, 769px\" \/>\t\t\t\t\t\t\t\t<\/a>\n\t\t\t\t\t\t\t\t\t\t\t\t\t\t<\/div>\n\t\t\t\t\t\t<\/div>\n\t\t\t\t<\/div>\n\t\t\t\t\t\t<\/div>\n\t\t\t\t\t<\/div>\n\t\t<\/div>\n\t\t\t\t\t\t\t\t<\/div>\n\t\t\t\t\t<\/div>\n\t\t<\/section>\n\t\t\t\t<div class=\"elementor-element elementor-element-8f692af elementor-widget elementor-widget-heading\" data-id=\"8f692af\" data-element_type=\"widget\" data-widget_type=\"heading.default\">\n\t\t\t\t<div class=\"elementor-widget-container\">\n\t\t\t<p class=\"elementor-heading-title elementor-size-default\"><a href=\"https:\/\/staging-digital.campus-party.org\/argentina\/partner\/telecom\/\">Compa\u00f1\u00eda l\u00edder del ecosistema digital en la Argentina, brindamos soluciones que potencian la forma de conectarse y entretenerse de millones de personas.  \r\n\r\n<\/a><\/p>\t\t<\/div>\n\t\t\t\t<\/div>\n\t\t\t\t\t\t<\/div>\n\t\t\t\t\t<\/div>\n\t\t<\/div>\n\t\t\t\t\t\t\t\t<\/div>\n\t\t\t\t\t<\/div>\n\t\t<\/div>\n\t\t\t\t<\/div>\n\t\t<\/div>\n\t\t<\/div><\/div><\/div><\/div><\/div><\/div>\t\t<\/div>\n\t\t\t\t<\/div>\n\t\t\t\t\t\t<\/div>\n\t\t\t\t\t<\/div>\n\t\t<\/div>\n\t\t\t\t\t\t\t\t<\/div>\n\t\t\t\t\t<\/div>\n\t\t<\/section>\n\t\t\t\t<section class=\"elementor-section elementor-top-section elementor-element elementor-element-4021399c elementor-section-boxed elementor-section-height-default elementor-section-height-default\" data-id=\"4021399c\" data-element_type=\"section\">\n\t\t\t\t\t\t<div class=\"elementor-container elementor-column-gap-default\">\n\t\t\t\t\t\t\t<div class=\"elementor-row\">\n\t\t\t\t\t<div class=\"elementor-column elementor-col-100 elementor-top-column elementor-element elementor-element-68227f3\" data-id=\"68227f3\" data-element_type=\"column\">\n\t\t\t<div class=\"elementor-column-wrap elementor-element-populated\">\n\t\t\t\t\t\t\t<div class=\"elementor-widget-wrap\">\n\t\t\t\t\t\t<div class=\"elementor-element elementor-element-2c863990 elementor-widget elementor-widget-heading\" data-id=\"2c863990\" data-element_type=\"widget\" data-widget_type=\"heading.default\">\n\t\t\t\t<div class=\"elementor-widget-container\">\n\t\t\t<h2 class=\"elementor-heading-title elementor-size-default\">< SOMETHING \/><\/h2>\t\t<\/div>\n\t\t\t\t<\/div>\n\t\t\t\t<div class=\"elementor-element elementor-element-1da86c3b elementor-widget elementor-widget-heading\" data-id=\"1da86c3b\" data-element_type=\"widget\" data-widget_type=\"heading.default\">\n\t\t\t\t<div class=\"elementor-widget-container\">\n\t\t\t<h2 class=\"elementor-heading-title elementor-size-default\">OUR<br>\nCALL4IDEAS<\/h2>\t\t<\/div>\n\t\t\t\t<\/div>\n\t\t\t\t<div class=\"elementor-element elementor-element-6b373f28 animated none elementor-widget elementor-widget-dce-views\" data-id=\"6b373f28\" data-element_type=\"widget\" data-settings=\"{&quot;spaceBetween&quot;:0}\" data-widget_type=\"dce-views.default\">\n\t\t\t\t<div class=\"elementor-widget-container\">\n\t\t\t<div class=\"dce-view-results-wrapper\"><div class=\"dce-view-results dce-view-results-fallback dce-views-no-results\"><p>There are no call for ideas available.<\/p><\/div><\/div>\t\t<\/div>\n\t\t\t\t<\/div>\n\t\t\t\t\t\t<\/div>\n\t\t\t\t\t<\/div>\n\t\t<\/div>\n\t\t\t\t\t\t\t\t<\/div>\n\t\t\t\t\t<\/div>\n\t\t<\/section>\n\t\t\t\t<section class=\"elementor-section elementor-top-section elementor-element elementor-element-655153b8 elementor-section-boxed elementor-section-height-default elementor-section-height-default\" data-id=\"655153b8\" data-element_type=\"section\">\n\t\t\t\t\t\t<div class=\"elementor-container elementor-column-gap-default\">\n\t\t\t\t\t\t\t<div class=\"elementor-row\">\n\t\t\t\t\t<div class=\"elementor-column elementor-col-100 elementor-top-column elementor-element elementor-element-549a9848\" data-id=\"549a9848\" data-element_type=\"column\">\n\t\t\t<div class=\"elementor-column-wrap elementor-element-populated\">\n\t\t\t\t\t\t\t<div class=\"elementor-widget-wrap\">\n\t\t\t\t\t\t<div class=\"elementor-element elementor-element-5a2e06b4 elementor-widget elementor-widget-heading\" data-id=\"5a2e06b4\" data-element_type=\"widget\" data-widget_type=\"heading.default\">\n\t\t\t\t<div class=\"elementor-widget-container\">\n\t\t\t<h2 class=\"elementor-heading-title elementor-size-default\">< SOMETHING \/><\/h2>\t\t<\/div>\n\t\t\t\t<\/div>\n\t\t\t\t<div class=\"elementor-element elementor-element-4ebf1045 elementor-widget elementor-widget-heading\" data-id=\"4ebf1045\" data-element_type=\"widget\" data-widget_type=\"heading.default\">\n\t\t\t\t<div class=\"elementor-widget-container\">\n\t\t\t<h2 class=\"elementor-heading-title elementor-size-default\">OUR<br>\nHACKATHON<\/h2>\t\t<\/div>\n\t\t\t\t<\/div>\n\t\t\t\t<div class=\"elementor-element elementor-element-53b65775 animated none elementor-widget elementor-widget-dce-views\" data-id=\"53b65775\" data-element_type=\"widget\" data-settings=\"{&quot;spaceBetween&quot;:0}\" data-widget_type=\"dce-views.default\">\n\t\t\t\t<div class=\"elementor-widget-container\">\n\t\t\t<div class=\"dce-view-results-wrapper\"><div class=\"dce-view-results dce-view-results-fallback dce-views-no-results\"><p>There are no hackathon available.<\/p><\/div><\/div>\t\t<\/div>\n\t\t\t\t<\/div>\n\t\t\t\t\t\t<\/div>\n\t\t\t\t\t<\/div>\n\t\t<\/div>\n\t\t\t\t\t\t\t\t<\/div>\n\t\t\t\t\t<\/div>\n\t\t<\/section>\n\t\t\t\t\t\t<\/div>\n\t\t\t\t\t\t<\/div>\n\t\t\t\t\t<\/div>\n\t\t","protected":false},"excerpt":{"rendered":"<p>INNOVATION ISLANDS < SOMETHING \/> OUR INNOVATORS There are no innovators available. < SOMETHING \/> OUR CALL4IDEAS Read More < SOMETHING \/> OUR HACKATHON There are no hackathon available.<\/p>\n","protected":false},"author":1,"featured_media":0,"parent":0,"menu_order":3,"comment_status":"closed","ping_status":"closed","template":"","meta":[],"_links":{"self":[{"href":"https:\/\/staging-digital.campus-party.org\/argentina\/wp-json\/wp\/v2\/pages\/2109"}],"collection":[{"href":"https:\/\/staging-digital.campus-party.org\/argentina\/wp-json\/wp\/v2\/pages"}],"about":[{"href":"https:\/\/staging-digital.campus-party.org\/argentina\/wp-json\/wp\/v2\/types\/page"}],"author":[{"embeddable":true,"href":"https:\/\/staging-digital.campus-party.org\/argentina\/wp-json\/wp\/v2\/users\/1"}],"replies":[{"embeddable":true,"href":"https:\/\/staging-digital.campus-party.org\/argentina\/wp-json\/wp\/v2\/comments?post=2109"}],"version-history":[{"count":15,"href":"https:\/\/staging-digital.campus-party.org\/argentina\/wp-json\/wp\/v2\/pages\/2109\/revisions"}],"predecessor-version":[{"id":2344,"href":"https:\/\/staging-digital.campus-party.org\/argentina\/wp-json\/wp\/v2\/pages\/2109\/revisions\/2344"}],"wp:attachment":[{"href":"https:\/\/staging-digital.campus-party.org\/argentina\/wp-json\/wp\/v2\/media?parent=2109"}],"curies":[{"name":"wp","href":"https:\/\/api.w.org\/{rel}","templated":true}]}}